{"id":18839,"date":"2026-03-17T13:57:36","date_gmt":"2026-03-17T12:57:36","guid":{"rendered":"https:\/\/bnf.fi\/?page_id=18839"},"modified":"2026-03-17T14:10:59","modified_gmt":"2026-03-17T13:10:59","slug":"leksida","status":"publish","type":"page","link":"https:\/\/bnf.fi\/fi\/leksida\/","title":{"rendered":"leksida"},"content":{"rendered":"\t\t<div data-elementor-type=\"wp-page\" data-elementor-id=\"18839\" class=\"elementor elementor-18839\" data-elementor-settings=\"{&quot;ha_cmc_init_switcher&quot;:&quot;no&quot;}\" data-elementor-post-type=\"page\">\n\t\t\t\t\t\t<section class=\"elementor-section elementor-top-section elementor-element elementor-element-b4944d3 elementor-section-boxed elementor-section-height-default elementor-section-height-default\" data-id=\"b4944d3\" data-element_type=\"section\" data-e-type=\"section\" data-settings=\"{&quot;_ha_eqh_enable&quot;:false}\">\n\t\t\t\t\t\t<div class=\"elementor-container elementor-column-gap-default\">\n\t\t\t\t\t<div class=\"elementor-column elementor-col-100 elementor-top-column elementor-element elementor-element-72d8ca9\" data-id=\"72d8ca9\" data-element_type=\"column\" data-e-type=\"column\">\n\t\t\t<div class=\"elementor-widget-wrap elementor-element-populated\">\n\t\t\t\t\t\t<div class=\"elementor-element elementor-element-be2e99c elementor-widget elementor-widget-heading\" data-id=\"be2e99c\" data-element_type=\"widget\" data-e-type=\"widget\" data-widget_type=\"heading.default\">\n\t\t\t\t<div class=\"elementor-widget-container\">\n\t\t\t\t\t<h2 class=\"elementor-heading-title elementor-size-default\">Politisk annonsering i Bonnier News titlar och kanaler<\/h2>\t\t\t\t<\/div>\n\t\t\t\t<\/div>\n\t\t\t\t<div class=\"elementor-element elementor-element-7df1fc1 elementor-widget elementor-widget-text-editor\" data-id=\"7df1fc1\" data-element_type=\"widget\" data-e-type=\"widget\" data-widget_type=\"text-editor.default\">\n\t\t\t\t<div class=\"elementor-widget-container\">\n\t\t\t\t\t\t\t\t\t<p><span style=\"font-weight: 400;\">Sedan den 10 oktober 2025 finns en ny EU-f\u00f6rordning i kraft: \u00d6ppenhet och m\u00e5linriktning f\u00f6r politisk reklam (TTPA). Syftet med f\u00f6rordningen \u00e4r att \u00f6ka transparensen och g\u00f6ra det tydligare f\u00f6r medborgare vem som st\u00e5r bakom politiska budskap.<\/span><\/p>\t\t\t\t\t\t\t\t<\/div>\n\t\t\t\t<\/div>\n\t\t\t\t<div class=\"elementor-element elementor-element-c170a42 elementor-widget elementor-widget-spacer\" data-id=\"c170a42\" data-element_type=\"widget\" data-e-type=\"widget\" data-widget_type=\"spacer.default\">\n\t\t\t\t<div class=\"elementor-widget-container\">\n\t\t\t\t\t\t\t<div class=\"elementor-spacer\">\n\t\t\t<div class=\"elementor-spacer-inner\"><\/div>\n\t\t<\/div>\n\t\t\t\t\t\t<\/div>\n\t\t\t\t<\/div>\n\t\t\t\t<div class=\"elementor-element elementor-element-d9d4918 elementor-widget elementor-widget-eael-adv-accordion\" data-id=\"d9d4918\" data-element_type=\"widget\" data-e-type=\"widget\" data-widget_type=\"eael-adv-accordion.default\">\n\t\t\t\t<div class=\"elementor-widget-container\">\n\t\t\t\t\t            <div class=\"eael-adv-accordion\" id=\"eael-adv-accordion-d9d4918\" data-scroll-on-click=\"no\" data-scroll-speed=\"300\" data-accordion-id=\"d9d4918\" data-accordion-type=\"toggle\" data-toogle-speed=\"300\">\n            <div class=\"eael-accordion-list\">\n\t\t\t\t\t<div id=\"frga-1\" class=\"elementor-tab-title eael-accordion-header\" tabindex=\"0\" data-tab=\"1\" aria-controls=\"elementor-tab-content-2281\"><span class=\"eael-advanced-accordion-icon-closed\"><i aria-hidden=\"true\" class=\"fa-accordion-icon fas fa-plus\"><\/i><\/span><span class=\"eael-advanced-accordion-icon-opened\"><i aria-hidden=\"true\" class=\"fa-accordion-icon fas fa-minus\"><\/i><\/span><h5 class=\"eael-accordion-tab-title\">Fr\u00e5ga 1<\/h5><i aria-hidden=\"true\" class=\"fa-toggle fas fa-angle-right\"><\/i><\/div><div id=\"elementor-tab-content-2281\" class=\"eael-accordion-content clearfix\" data-tab=\"1\" aria-labelledby=\"frga-1\"><p>Lorem ipsum dolor sit amet, consectetur adipisicing elit. Optio, neque qui velit. Magni dolorum quidem ipsam eligendi, totam, facilis laudantium cum accusamus ullam voluptatibus commodi numquam, error, est. Ea, consequatur.<\/p><\/div>\n\t\t\t\t\t<\/div><div class=\"eael-accordion-list\">\n\t\t\t\t\t<div id=\"accordion-tab-title-2\" class=\"elementor-tab-title eael-accordion-header\" tabindex=\"0\" data-tab=\"2\" aria-controls=\"elementor-tab-content-2282\"><span class=\"eael-advanced-accordion-icon-closed\"><i aria-hidden=\"true\" class=\"fa-accordion-icon fas fa-plus\"><\/i><\/span><span class=\"eael-advanced-accordion-icon-opened\"><i aria-hidden=\"true\" class=\"fa-accordion-icon fas fa-minus\"><\/i><\/span><h5 class=\"eael-accordion-tab-title\">Accordion Tab Title 2<\/h5><i aria-hidden=\"true\" class=\"fa-toggle fas fa-angle-right\"><\/i><\/div><div id=\"elementor-tab-content-2282\" class=\"eael-accordion-content clearfix\" data-tab=\"2\" aria-labelledby=\"accordion-tab-title-2\"><p>Lorem ipsum dolor sit amet, consectetur adipisicing elit. Optio, neque qui velit. Magni dolorum quidem ipsam eligendi, totam, facilis laudantium cum accusamus ullam voluptatibus commodi numquam, error, est. Ea, consequatur.<\/p><\/div>\n\t\t\t\t\t<\/div><div class=\"eael-accordion-list\">\n\t\t\t\t\t<div id=\"accordion-tab-title-3\" class=\"elementor-tab-title eael-accordion-header\" tabindex=\"0\" data-tab=\"3\" aria-controls=\"elementor-tab-content-2283\"><span class=\"eael-advanced-accordion-icon-closed\"><i aria-hidden=\"true\" class=\"fa-accordion-icon fas fa-plus\"><\/i><\/span><span class=\"eael-advanced-accordion-icon-opened\"><i aria-hidden=\"true\" class=\"fa-accordion-icon fas fa-minus\"><\/i><\/span><h5 class=\"eael-accordion-tab-title\">Accordion Tab Title 3<\/h5><i aria-hidden=\"true\" class=\"fa-toggle fas fa-angle-right\"><\/i><\/div><div id=\"elementor-tab-content-2283\" class=\"eael-accordion-content clearfix\" data-tab=\"3\" aria-labelledby=\"accordion-tab-title-3\"><p>Lorem ipsum dolor sit amet, consectetur adipisicing elit. Optio, neque qui velit. Magni dolorum quidem ipsam eligendi, totam, facilis laudantium cum accusamus ullam voluptatibus commodi numquam, error, est. Ea, consequatur.<\/p><\/div>\n\t\t\t\t\t<\/div><div class=\"eael-accordion-list\">\n\t\t\t\t\t<div id=\"accordion-tab-title-3\" class=\"elementor-tab-title eael-accordion-header\" tabindex=\"0\" data-tab=\"4\" aria-controls=\"elementor-tab-content-2284\"><span class=\"eael-advanced-accordion-icon-closed\"><i aria-hidden=\"true\" class=\"fa-accordion-icon fas fa-plus\"><\/i><\/span><span class=\"eael-advanced-accordion-icon-opened\"><i aria-hidden=\"true\" class=\"fa-accordion-icon fas fa-minus\"><\/i><\/span><h5 class=\"eael-accordion-tab-title\">Accordion Tab Title 3<\/h5><i aria-hidden=\"true\" class=\"fa-toggle fas fa-angle-right\"><\/i><\/div><div id=\"elementor-tab-content-2284\" class=\"eael-accordion-content clearfix\" data-tab=\"4\" aria-labelledby=\"accordion-tab-title-3\"><p>Lorem ipsum dolor sit amet, consectetur adipisicing elit. Optio, neque qui velit. Magni dolorum quidem ipsam eligendi, totam, facilis laudantium cum accusamus ullam voluptatibus commodi numquam, error, est. Ea, consequatur.<\/p><\/div>\n\t\t\t\t\t<\/div><div class=\"eael-accordion-list\">\n\t\t\t\t\t<div id=\"accordion-tab-title-3\" class=\"elementor-tab-title eael-accordion-header\" tabindex=\"0\" data-tab=\"5\" aria-controls=\"elementor-tab-content-2285\"><span class=\"eael-advanced-accordion-icon-closed\"><i aria-hidden=\"true\" class=\"fa-accordion-icon fas fa-plus\"><\/i><\/span><span class=\"eael-advanced-accordion-icon-opened\"><i aria-hidden=\"true\" class=\"fa-accordion-icon fas fa-minus\"><\/i><\/span><h5 class=\"eael-accordion-tab-title\">Accordion Tab Title 3<\/h5><i aria-hidden=\"true\" class=\"fa-toggle fas fa-angle-right\"><\/i><\/div><div id=\"elementor-tab-content-2285\" class=\"eael-accordion-content clearfix\" data-tab=\"5\" aria-labelledby=\"accordion-tab-title-3\"><p>Lorem ipsum dolor sit amet, consectetur adipisicing elit. Optio, neque qui velit. Magni dolorum quidem ipsam eligendi, totam, facilis laudantium cum accusamus ullam voluptatibus commodi numquam, error, est. Ea, consequatur.<\/p><\/div>\n\t\t\t\t\t<\/div><div class=\"eael-accordion-list\">\n\t\t\t\t\t<div id=\"accordion-tab-title-3\" class=\"elementor-tab-title eael-accordion-header\" tabindex=\"0\" data-tab=\"6\" aria-controls=\"elementor-tab-content-2286\"><span class=\"eael-advanced-accordion-icon-closed\"><i aria-hidden=\"true\" class=\"fa-accordion-icon fas fa-plus\"><\/i><\/span><span class=\"eael-advanced-accordion-icon-opened\"><i aria-hidden=\"true\" class=\"fa-accordion-icon fas fa-minus\"><\/i><\/span><h5 class=\"eael-accordion-tab-title\">Accordion Tab Title 3<\/h5><i aria-hidden=\"true\" class=\"fa-toggle fas fa-angle-right\"><\/i><\/div><div id=\"elementor-tab-content-2286\" class=\"eael-accordion-content clearfix\" data-tab=\"6\" aria-labelledby=\"accordion-tab-title-3\"><p>Lorem ipsum dolor sit amet, consectetur adipisicing elit. Optio, neque qui velit. Magni dolorum quidem ipsam eligendi, totam, facilis laudantium cum accusamus ullam voluptatibus commodi numquam, error, est. Ea, consequatur.<\/p><\/div>\n\t\t\t\t\t<\/div><div class=\"eael-accordion-list\">\n\t\t\t\t\t<div id=\"accordion-tab-title-3\" class=\"elementor-tab-title eael-accordion-header\" tabindex=\"0\" data-tab=\"7\" aria-controls=\"elementor-tab-content-2287\"><span class=\"eael-advanced-accordion-icon-closed\"><i aria-hidden=\"true\" class=\"fa-accordion-icon fas fa-plus\"><\/i><\/span><span class=\"eael-advanced-accordion-icon-opened\"><i aria-hidden=\"true\" class=\"fa-accordion-icon fas fa-minus\"><\/i><\/span><h5 class=\"eael-accordion-tab-title\">Accordion Tab Title 3<\/h5><i aria-hidden=\"true\" class=\"fa-toggle fas fa-angle-right\"><\/i><\/div><div id=\"elementor-tab-content-2287\" class=\"eael-accordion-content clearfix\" data-tab=\"7\" aria-labelledby=\"accordion-tab-title-3\"><p>Lorem ipsum dolor sit amet, consectetur adipisicing elit. Optio, neque qui velit. Magni dolorum quidem ipsam eligendi, totam, facilis laudantium cum accusamus ullam voluptatibus commodi numquam, error, est. Ea, consequatur.<\/p><\/div>\n\t\t\t\t\t<\/div><\/div>\t\t\t\t<\/div>\n\t\t\t\t<\/div>\n\t\t\t\t\t<\/div>\n\t\t<\/div>\n\t\t\t\t\t<\/div>\n\t\t<\/section>\n\t\t\t\t<\/div>\n\t\t","protected":false},"excerpt":{"rendered":"<p>Politisk annonsering i Bonnier News titlar och kanaler Sedan den 10 oktober 2025 finns en ny EU-f\u00f6rordning i kraft: \u00d6ppenhet och m\u00e5linriktning f\u00f6r politisk reklam (TTPA). Syftet med f\u00f6rordningen \u00e4r att \u00f6ka transparensen och g\u00f6ra det tydligare f\u00f6r medborgare vem som st\u00e5r bakom politiska budskap. Fr\u00e5ga 1 Lorem ipsum dolor sit amet, consectetur adipisicing elit. [&hellip;]<\/p>\n","protected":false},"author":2,"featured_media":0,"parent":0,"menu_order":0,"comment_status":"closed","ping_status":"closed","template":"","meta":{"_relevanssi_hide_post":"","_relevanssi_hide_content":"","_relevanssi_pin_for_all":"","_relevanssi_pin_keywords":"","_relevanssi_unpin_keywords":"","_relevanssi_related_keywords":"","_relevanssi_related_include_ids":"","_relevanssi_related_exclude_ids":"","_relevanssi_related_no_append":"","_relevanssi_related_not_related":"","_relevanssi_related_posts":"","_relevanssi_noindex_reason":"","footnotes":""},"class_list":["post-18839","page","type-page","status-publish","hentry"],"yoast_head":"<!-- This site is optimized with the Yoast SEO plugin v26.9 - https:\/\/yoast.com\/product\/yoast-seo-wordpress\/ -->\n<title>leksida -<\/title>\n<meta name=\"robots\" content=\"index, follow, max-snippet:-1, max-image-preview:large, max-video-preview:-1\" \/>\n<link rel=\"canonical\" href=\"https:\/\/bnf.fi\/fi\/leksida\/\" \/>\n<meta property=\"og:locale\" content=\"fi_FI\" \/>\n<meta property=\"og:type\" content=\"article\" \/>\n<meta property=\"og:title\" content=\"leksida -\" \/>\n<meta property=\"og:description\" content=\"Politisk annonsering i Bonnier News titlar och kanaler Sedan den 10 oktober 2025 finns en ny EU-f\u00f6rordning i kraft: \u00d6ppenhet och m\u00e5linriktning f\u00f6r politisk reklam (TTPA). Syftet med f\u00f6rordningen \u00e4r att \u00f6ka transparensen och g\u00f6ra det tydligare f\u00f6r medborgare vem som st\u00e5r bakom politiska budskap. Fr\u00e5ga 1 Lorem ipsum dolor sit amet, consectetur adipisicing elit. [&hellip;]\" \/>\n<meta property=\"og:url\" content=\"https:\/\/bnf.fi\/fi\/leksida\/\" \/>\n<meta property=\"article:modified_time\" content=\"2026-03-17T13:10:59+00:00\" \/>\n<meta name=\"twitter:card\" content=\"summary_large_image\" \/>\n<meta name=\"twitter:label1\" content=\"Arvioitu lukuaika\" \/>\n\t<meta name=\"twitter:data1\" content=\"2 minuuttia\" \/>\n<script type=\"application\/ld+json\" class=\"yoast-schema-graph\">{\"@context\":\"https:\/\/schema.org\",\"@graph\":[{\"@type\":\"WebPage\",\"@id\":\"https:\/\/bnf.fi\/fi\/leksida\/\",\"url\":\"https:\/\/bnf.fi\/fi\/leksida\/\",\"name\":\"leksida -\",\"isPartOf\":{\"@id\":\"https:\/\/bnf.fi\/fi\/#website\"},\"datePublished\":\"2026-03-17T12:57:36+00:00\",\"dateModified\":\"2026-03-17T13:10:59+00:00\",\"breadcrumb\":{\"@id\":\"https:\/\/bnf.fi\/fi\/leksida\/#breadcrumb\"},\"inLanguage\":\"fi\",\"potentialAction\":[{\"@type\":\"ReadAction\",\"target\":[\"https:\/\/bnf.fi\/fi\/leksida\/\"]}]},{\"@type\":\"BreadcrumbList\",\"@id\":\"https:\/\/bnf.fi\/fi\/leksida\/#breadcrumb\",\"itemListElement\":[{\"@type\":\"ListItem\",\"position\":1,\"name\":\"Hem\",\"item\":\"https:\/\/bnf.fi\/fi\/\"},{\"@type\":\"ListItem\",\"position\":2,\"name\":\"leksida\"}]},{\"@type\":\"WebSite\",\"@id\":\"https:\/\/bnf.fi\/fi\/#website\",\"url\":\"https:\/\/bnf.fi\/fi\/\",\"name\":\"\",\"description\":\"\",\"potentialAction\":[{\"@type\":\"SearchAction\",\"target\":{\"@type\":\"EntryPoint\",\"urlTemplate\":\"https:\/\/bnf.fi\/fi\/?s={search_term_string}\"},\"query-input\":{\"@type\":\"PropertyValueSpecification\",\"valueRequired\":true,\"valueName\":\"search_term_string\"}}],\"inLanguage\":\"fi\"}]}<\/script>\n<!-- \/ Yoast SEO plugin. -->","yoast_head_json":{"title":"leksida -","robots":{"index":"index","follow":"follow","max-snippet":"max-snippet:-1","max-image-preview":"max-image-preview:large","max-video-preview":"max-video-preview:-1"},"canonical":"https:\/\/bnf.fi\/fi\/leksida\/","og_locale":"fi_FI","og_type":"article","og_title":"leksida -","og_description":"Politisk annonsering i Bonnier News titlar och kanaler Sedan den 10 oktober 2025 finns en ny EU-f\u00f6rordning i kraft: \u00d6ppenhet och m\u00e5linriktning f\u00f6r politisk reklam (TTPA). Syftet med f\u00f6rordningen \u00e4r att \u00f6ka transparensen och g\u00f6ra det tydligare f\u00f6r medborgare vem som st\u00e5r bakom politiska budskap. Fr\u00e5ga 1 Lorem ipsum dolor sit amet, consectetur adipisicing elit. [&hellip;]","og_url":"https:\/\/bnf.fi\/fi\/leksida\/","article_modified_time":"2026-03-17T13:10:59+00:00","twitter_card":"summary_large_image","twitter_misc":{"Arvioitu lukuaika":"2 minuuttia"},"schema":{"@context":"https:\/\/schema.org","@graph":[{"@type":"WebPage","@id":"https:\/\/bnf.fi\/fi\/leksida\/","url":"https:\/\/bnf.fi\/fi\/leksida\/","name":"leksida -","isPartOf":{"@id":"https:\/\/bnf.fi\/fi\/#website"},"datePublished":"2026-03-17T12:57:36+00:00","dateModified":"2026-03-17T13:10:59+00:00","breadcrumb":{"@id":"https:\/\/bnf.fi\/fi\/leksida\/#breadcrumb"},"inLanguage":"fi","potentialAction":[{"@type":"ReadAction","target":["https:\/\/bnf.fi\/fi\/leksida\/"]}]},{"@type":"BreadcrumbList","@id":"https:\/\/bnf.fi\/fi\/leksida\/#breadcrumb","itemListElement":[{"@type":"ListItem","position":1,"name":"Hem","item":"https:\/\/bnf.fi\/fi\/"},{"@type":"ListItem","position":2,"name":"leksida"}]},{"@type":"WebSite","@id":"https:\/\/bnf.fi\/fi\/#website","url":"https:\/\/bnf.fi\/fi\/","name":"","description":"","potentialAction":[{"@type":"SearchAction","target":{"@type":"EntryPoint","urlTemplate":"https:\/\/bnf.fi\/fi\/?s={search_term_string}"},"query-input":{"@type":"PropertyValueSpecification","valueRequired":true,"valueName":"search_term_string"}}],"inLanguage":"fi"}]}},"_links":{"self":[{"href":"https:\/\/bnf.fi\/fi\/wp-json\/wp\/v2\/pages\/18839","targetHints":{"allow":["GET"]}}],"collection":[{"href":"https:\/\/bnf.fi\/fi\/wp-json\/wp\/v2\/pages"}],"about":[{"href":"https:\/\/bnf.fi\/fi\/wp-json\/wp\/v2\/types\/page"}],"author":[{"embeddable":true,"href":"https:\/\/bnf.fi\/fi\/wp-json\/wp\/v2\/users\/2"}],"replies":[{"embeddable":true,"href":"https:\/\/bnf.fi\/fi\/wp-json\/wp\/v2\/comments?post=18839"}],"version-history":[{"count":16,"href":"https:\/\/bnf.fi\/fi\/wp-json\/wp\/v2\/pages\/18839\/revisions"}],"predecessor-version":[{"id":18862,"href":"https:\/\/bnf.fi\/fi\/wp-json\/wp\/v2\/pages\/18839\/revisions\/18862"}],"wp:attachment":[{"href":"https:\/\/bnf.fi\/fi\/wp-json\/wp\/v2\/media?parent=18839"}],"curies":[{"name":"wp","href":"https:\/\/api.w.org\/{rel}","templated":true}]}}